{"id":2184,"date":"2024-05-29T10:30:28","date_gmt":"2024-05-29T10:30:28","guid":{"rendered":"https:\/\/niederthalerhof.muwit.net\/?page_id=2184"},"modified":"2026-03-06T15:55:46","modified_gmt":"2026-03-06T15:55:46","slug":"colophon","status":"publish","type":"page","link":"https:\/\/www.niederthalerhof.com\/it\/colophon\/","title":{"rendered":"Colophon"},"content":{"rendered":"\t\t<div data-elementor-type=\"wp-page\" data-elementor-id=\"2184\" class=\"elementor elementor-2184 elementor-87\" data-elementor-post-type=\"page\">\n\t\t\t\t<div class=\"elementor-element elementor-element-1e65112d e-con-full e-flex e-con e-parent\" data-id=\"1e65112d\" data-element_type=\"container\">\n\t\t\t\t<div class=\"elementor-element elementor-element-2b331e9f elementor-pagination-position-inside pfeillinksunten elementor-skin-carousel elementor-pagination-type-bullets elementor-widget elementor-widget-media-carousel\" data-id=\"2b331e9f\" data-element_type=\"widget\" data-settings=\"{&quot;slides_per_view&quot;:&quot;1&quot;,&quot;slides_per_view_widescreen&quot;:&quot;1&quot;,&quot;slides_per_view_laptop&quot;:&quot;1&quot;,&quot;slides_per_view_tablet_extra&quot;:&quot;1&quot;,&quot;slides_per_view_tablet&quot;:&quot;1&quot;,&quot;slides_per_view_mobile_extra&quot;:&quot;1&quot;,&quot;skin&quot;:&quot;carousel&quot;,&quot;effect&quot;:&quot;slide&quot;,&quot;pagination&quot;:&quot;bullets&quot;,&quot;speed&quot;:500,&quot;autoplay&quot;:&quot;yes&quot;,&quot;autoplay_speed&quot;:5000,&quot;loop&quot;:&quot;yes&quot;,&quot;pause_on_hover&quot;:&quot;yes&quot;,&quot;pause_on_interaction&quot;:&quot;yes&quot;,&quot;space_between&quot;:{&quot;unit&quot;:&quot;px&quot;,&quot;size&quot;:10,&quot;sizes&quot;:[]},&quot;space_between_widescreen&quot;:{&quot;unit&quot;:&quot;px&quot;,&quot;size&quot;:10,&quot;sizes&quot;:[]},&quot;space_between_laptop&quot;:{&quot;unit&quot;:&quot;px&quot;,&quot;size&quot;:10,&quot;sizes&quot;:[]},&quot;space_between_tablet_extra&quot;:{&quot;unit&quot;:&quot;px&quot;,&quot;size&quot;:10,&quot;sizes&quot;:[]},&quot;space_between_tablet&quot;:{&quot;unit&quot;:&quot;px&quot;,&quot;size&quot;:10,&quot;sizes&quot;:[]},&quot;space_between_mobile_extra&quot;:{&quot;unit&quot;:&quot;px&quot;,&quot;size&quot;:10,&quot;sizes&quot;:[]},&quot;space_between_mobile&quot;:{&quot;unit&quot;:&quot;px&quot;,&quot;size&quot;:10,&quot;sizes&quot;:[]}}\" data-widget_type=\"media-carousel.default\">\n\t\t\t\t<div class=\"elementor-widget-container\">\n\t\t\t<link rel=\"stylesheet\" href=\"https:\/\/www.niederthalerhof.com\/wp-content\/plugins\/elementor-pro\/assets\/css\/widget-carousel.min.css?ver=1721981042\">\t\t<div class=\"elementor-swiper\">\n\t\t\t<div class=\"elementor-main-swiper swiper\">\n\t\t\t\t<div class=\"swiper-wrapper\">\n\t\t\t\t\t\t\t\t\t\t\t<div class=\"swiper-slide\">\n\t\t\t\t\t\t\t\t\t<div class=\"elementor-carousel-image\" role=\"img\" aria-label=\"Chalet in Brixen S\u00fcdtirol\" style=\"background-image: url(&#039;https:\/\/www.niederthalerhof.com\/wp-content\/uploads\/2024\/06\/chalet-in-brixen-suedtirol.jpg&#039;)\">\n\n\t\t\t\n\t\t\t\t\t<\/div>\n\t\t\t\t\t\t\t\t<\/div>\n\t\t\t\t\t\t\t\t\t<\/div>\n\t\t\t\t\t\t\t<\/div>\n\t\t<\/div>\n\t\t\t\t<\/div>\n\t\t\t\t<\/div>\n\t\t\t\t<\/div>\n\t\t<div class=\"elementor-element elementor-element-70b96be6 e-con-full brownlink e-flex e-con e-parent\" data-id=\"70b96be6\" data-element_type=\"container\" data-settings=\"{&quot;background_background&quot;:&quot;classic&quot;}\">\n\t\t<div class=\"elementor-element elementor-element-5ac697df e-flex e-con-boxed e-con e-child\" data-id=\"5ac697df\" data-element_type=\"container\">\n\t\t\t\t\t<div class=\"e-con-inner\">\n\t\t\t\t<div class=\"elementor-element elementor-element-93acc13 elementor-widget elementor-widget-heading\" data-id=\"93acc13\" data-element_type=\"widget\" data-widget_type=\"heading.default\">\n\t\t\t\t<div class=\"elementor-widget-container\">\n\t\t\t<style>\/*! elementor - v3.23.0 - 25-07-2024 *\/\n.elementor-heading-title{padding:0;margin:0;line-height:1}.elementor-widget-heading .elementor-heading-title[class*=elementor-size-]>a{color:inherit;font-size:inherit;line-height:inherit}.elementor-widget-heading .elementor-heading-title.elementor-size-small{font-size:15px}.elementor-widget-heading .elementor-heading-title.elementor-size-medium{font-size:19px}.elementor-widget-heading .elementor-heading-title.elementor-size-large{font-size:29px}.elementor-widget-heading .elementor-heading-title.elementor-size-xl{font-size:39px}.elementor-widget-heading .elementor-heading-title.elementor-size-xxl{font-size:59px}<\/style><h1 class=\"elementor-heading-title elementor-size-default\">Colophon<\/h1>\t\t<\/div>\n\t\t\t\t<\/div>\n\t\t\t\t<div class=\"elementor-element elementor-element-59e3888e elementor-widget elementor-widget-text-editor\" data-id=\"59e3888e\" data-element_type=\"widget\" data-widget_type=\"text-editor.default\">\n\t\t\t\t<div class=\"elementor-widget-container\">\n\t\t\t<style>\/*! elementor - v3.23.0 - 25-07-2024 *\/\n.elementor-widget-text-editor.elementor-drop-cap-view-stacked .elementor-drop-cap{background-color:#69727d;color:#fff}.elementor-widget-text-editor.elementor-drop-cap-view-framed .elementor-drop-cap{color:#69727d;border:3px solid;background-color:transparent}.elementor-widget-text-editor:not(.elementor-drop-cap-view-default) .elementor-drop-cap{margin-top:8px}.elementor-widget-text-editor:not(.elementor-drop-cap-view-default) .elementor-drop-cap-letter{width:1em;height:1em}.elementor-widget-text-editor .elementor-drop-cap{float:left;text-align:center;line-height:1;font-size:50px}.elementor-widget-text-editor .elementor-drop-cap-letter{display:inline-block}<\/style>\t\t\t\t<div>\u00a0<\/div><div><strong>Franz Stablum<\/strong><\/div><div><div><p><strong>Niederthalerhof Chalets<\/strong><br \/>Santenbach 7<br \/>39042 Bressanone<\/p><p>Telefono: +39 3472882726<br \/>E-Mail:\u00a0<a href=\"mailto:info@niederthalerhof.com\">info@niederthalerhof.com<\/a><\/p><p>Codice destinatario: 7035UR5<br \/><a href=\"https:\/\/www.niederthalerhof.com\">www.niederthalerhof.com<\/a><br \/>CIN: IT021011B57542FDVI<br \/>P. IVA 01307500213<br \/>Cod. Fisc. STBFNZ61A29B160Z<\/p><\/div><div><p>Camera di commercio: Bolzano<br \/>Numero iscrizione camera di commercio: STBFNZ61A29B160Z<br \/>REA Nummer: BZ 147999<\/p><\/div><\/div><div><p><strong>Copyright per le immagini e grafiche utilizzate:<\/strong><\/p><ul><li>Brixen Tourismus\/Kottersteger<\/li><li>Brixen Tourismus\/Kirsten S\u00f6rries<\/li><li>Brixen Tourismus\/Alex Filz<\/li><li>Brixen Tourismus\/Michael Pezzei<\/li><li>Brixen Tourismus\/Helmut Moling<\/li><li>Brixen Tourismus\/Roman K\u00f6nigshofer<\/li><li>Brixen Tourismus\/Denis Stratmann<\/li><li>Brixen Tourismus\/Andreas Tauber<\/li><li>Brixen Tourismus\/Santifaller<\/li><li>Brixen Tourismus\/Mocellini<\/li><li>Brixen Tourismus\/Frederik Nebas<\/li><li>Brixen Tourismus\/Andreas Mierswa<\/li><li>Brixen Tourismus\/Dennis Stratmann<\/li><li>Plose\/Maximilian Egger<\/li><li>Plose Ski\/Helmut Moling<\/li><li>IDM S\u00fcdtirol-Alto Adige\/Manuel Ferrigato<\/li><li>Freepik &#8211; fahrwasser<br \/><br \/><\/li><\/ul><p><strong>Risoluzione delle controversie\u00a0<\/strong><br \/>Informazioni obbligatorie ai sensi del Regolamento UE n. 524\/2013 del Parlamento e Consiglio europeo. Piattaforma per la risoluzione online delle controversie (ODR) della Commissione europea:\u00a0<br \/><a href=\"https:\/\/ec.europa.eu\/consumers\/odr\/main\/?event=main.trader.register\" target=\"_blank\" rel=\"noopener\">https:\/\/ec.europa.eu\/consumers\/odr\/main\/?event=main.trader.register<\/a><\/p><p><strong>Concetto e realizzazione<\/strong><\/p><p>muwit d. sandra stablum<br \/>Citt\u00e1 Alta 60<br \/>39043 Chiusa<br \/>Tel.\u00a0<a href=\"tel:+39 347 1330206\">+39 347 1330206<\/a><br \/>Part. IVA 02730810211<br \/>Cod. fisc. STB SDR 88 A44 B160 S<br \/><a href=\"mailto:\">info@muwit.it<\/a><br \/><a href=\"www.muwit.it\" target=\"_blank\" rel=\"noopener\">www.muwit.it<\/a><\/p><p><strong>Responsabile per il contenuto:<\/strong><\/p><div>Doris Brunner \u2013 Textsalon<br \/>Sandra Stablum<\/div><div>\u00a0<\/div><p><strong>Dichiarazione liberatoria:<br \/>Responsabilit\u00e0 per i contenuti<\/strong><\/p><p>I contenuti delle nostre pagine sono stati redatti, elaborati e controllati scrupolosamente. Tuttavia, non ci assumiamo nessuna responsabilit\u00e0 per la correttezza, qualit\u00e0, completezza e attualit\u00e0 dei contenuti, poich\u00e9 non \u00e8 da escludere che siano cambiati nel tempo. Come prestatori di servizi siamo responsabili per i contenuti di queste pagine in base alla normativa vigente. Nella nostra qualit\u00e0 di prestatori di servizi non siamo per\u00f2 obbligati a controllare l\u2019esattezza di informazioni ricevute o salvate da terzi, o a controllare se sussistano irregolarit\u00e0 che indichino un\u2019attivit\u00e0 illegale. L\u2019obbligo di rimuovere o bloccare l\u2019utilizzo di informazioni secondo la normativa vigente rimane valido. L\u2019assunzione di tale responsabilit\u00e0 \u00e8 tuttavia possibile solamente dopo il momento dell\u2019effettivo riconoscimento da parte nostra di una concreta violazione di diritto. Alla presa d\u2019atto di tali violazioni di legge provvederemo immediatamente alla rimozione dei contenuti in questione.<br \/>Si escludono di principio le rivendicazioni di responsabilit\u00e0 di qualsiasi tipo causate dall\u2019utilizzo di informazioni messe a disposizione, oppure da informazioni errate e\/o incomplete.<\/p><p><strong>Responsabilit\u00e0 per i link<\/strong><\/p><p>La nostra offerta contiene dei collegamenti ipertestuali con siti web esterni di terzi, sui cui contenuti non possiamo influire. Per questo motivo non forniamo nessuna garanzia sui contenuti dei siti web linkati, indipendentemente dal tipo e dalla natura. Ne \u00e8 responsabile solamente il relativo proprietario o gestore del sito. Un controllo permanente dei contenuti dei siti linkati al presente non \u00e8 fattibile senza concreti punti di riferimento. All\u2019avvenuta conoscenza d\u2019infrazioni contro la legge causate dai siti web linkati, i link in questione saranno subito rimossi.<\/p><p><strong>Copyright<\/strong><\/p><p>Tutti i contenuti e le opere creati dal web designer e dai gestori del sito sono protetti da copyright. La riproduzione, l\u2019alterazione, la distribuzione e qualsiasi forma di utilizzo, soprattutto per scopi commerciali, al di fuori dei limiti del diritto d\u2019autore, sono severamente vietate e ammesse esclusivamente previa autorizzazione scritta del relativo autore o creatore. Nel caso i contenuti di questa pagina non siano stati creati dal gestore, sono da rispettare i diritti di copyright di terzi. I contenuti redatti da terzi sono contrassegnati come tali. In caso doveste notare una violazione del copyright, vi preghiamo gentilmente di farci pervenire un\u2019apposita segnalazione. All\u2019atto di presa di conoscenza di tali violazioni di legge, i contenuti in questione saranno naturalmente rimossi subito, senza per\u00f2 assumerne nessuna responsabilit\u00e0.<\/p><\/div>\t\t\t\t\t\t<\/div>\n\t\t\t\t<\/div>\n\t\t\t\t\t<\/div>\n\t\t\t\t<\/div>\n\t\t\t\t<\/div>\n\t\t\t\t<\/div>\n\t\t","protected":false},"excerpt":{"rendered":"<p>Colophon \u00a0Franz Stablum Niederthalerhof ChaletsSantenbach 739042 Bressanone Telefono: +39 3472882726E-Mail:\u00a0info@niederthalerhof.com Codice destinatario: 7035UR5www.niederthalerhof.comCIN: IT021011B57542FDVIP. IVA 01307500213Cod. Fisc. STBFNZ61A29B160Z Camera di commercio: BolzanoNumero iscrizione camera di commercio: STBFNZ61A29B160ZREA Nummer: BZ 147999 Copyright per le immagini e grafiche utilizzate: Brixen Tourismus\/Kottersteger Brixen Tourismus\/Kirsten S\u00f6rries Brixen Tourismus\/Alex Filz Brixen Tourismus\/Michael Pezzei Brixen Tourismus\/Helmut Moling Brixen Tourismus\/Roman K\u00f6nigshofer Brixen [&hellip;]<\/p>\n","protected":false},"author":1,"featured_media":0,"parent":0,"menu_order":0,"comment_status":"closed","ping_status":"closed","template":"","meta":{"_acf_changed":false,"inline_featured_image":false,"footnotes":""},"class_list":["post-2184","page","type-page","status-publish","hentry"],"acf":[],"yoast_head":"<!-- This site is optimized with the Yoast SEO plugin v23.1 - https:\/\/yoast.com\/wordpress\/plugins\/seo\/ -->\n<title>Colophon - niederthalerhof<\/title>\n<meta name=\"robots\" content=\"noindex, follow\" \/>\n<meta property=\"og:locale\" content=\"it_IT\" \/>\n<meta property=\"og:type\" content=\"article\" \/>\n<meta property=\"og:title\" content=\"Colophon - niederthalerhof\" \/>\n<meta property=\"og:description\" content=\"Colophon \u00a0Franz Stablum Niederthalerhof ChaletsSantenbach 739042 Bressanone Telefono: +39 3472882726E-Mail:\u00a0info@niederthalerhof.com Codice destinatario: 7035UR5www.niederthalerhof.comCIN: IT021011B57542FDVIP. IVA 01307500213Cod. Fisc. STBFNZ61A29B160Z Camera di commercio: BolzanoNumero iscrizione camera di commercio: STBFNZ61A29B160ZREA Nummer: BZ 147999 Copyright per le immagini e grafiche utilizzate: Brixen Tourismus\/Kottersteger Brixen Tourismus\/Kirsten S\u00f6rries Brixen Tourismus\/Alex Filz Brixen Tourismus\/Michael Pezzei Brixen Tourismus\/Helmut Moling Brixen Tourismus\/Roman K\u00f6nigshofer Brixen [&hellip;]\" \/>\n<meta property=\"og:url\" content=\"https:\/\/www.niederthalerhof.com\/it\/colophon\/\" \/>\n<meta property=\"og:site_name\" content=\"niederthalerhof\" \/>\n<meta property=\"article:publisher\" content=\"https:\/\/www.facebook.com\/niederthalerhof\/\" \/>\n<meta property=\"article:modified_time\" content=\"2026-03-06T15:55:46+00:00\" \/>\n<meta name=\"twitter:card\" content=\"summary_large_image\" \/>\n<meta name=\"twitter:label1\" content=\"Tempo di lettura stimato\" \/>\n\t<meta name=\"twitter:data1\" content=\"3 minuti\" \/>\n<script type=\"application\/ld+json\" class=\"yoast-schema-graph\">{\"@context\":\"https:\/\/schema.org\",\"@graph\":[{\"@type\":\"WebPage\",\"@id\":\"https:\/\/www.niederthalerhof.com\/it\/colophon\/\",\"url\":\"https:\/\/www.niederthalerhof.com\/it\/colophon\/\",\"name\":\"Colophon - niederthalerhof\",\"isPartOf\":{\"@id\":\"https:\/\/www.niederthalerhof.com\/it\/#website\"},\"datePublished\":\"2024-05-29T10:30:28+00:00\",\"dateModified\":\"2026-03-06T15:55:46+00:00\",\"breadcrumb\":{\"@id\":\"https:\/\/www.niederthalerhof.com\/it\/colophon\/#breadcrumb\"},\"inLanguage\":\"it-IT\",\"potentialAction\":[{\"@type\":\"ReadAction\",\"target\":[\"https:\/\/www.niederthalerhof.com\/it\/colophon\/\"]}]},{\"@type\":\"BreadcrumbList\",\"@id\":\"https:\/\/www.niederthalerhof.com\/it\/colophon\/#breadcrumb\",\"itemListElement\":[{\"@type\":\"ListItem\",\"position\":1,\"name\":\"Startseite\",\"item\":\"https:\/\/www.niederthalerhof.com\/it\/\"},{\"@type\":\"ListItem\",\"position\":2,\"name\":\"Colophon\"}]},{\"@type\":\"WebSite\",\"@id\":\"https:\/\/www.niederthalerhof.com\/it\/#website\",\"url\":\"https:\/\/www.niederthalerhof.com\/it\/\",\"name\":\"niederthalerhof\",\"description\":\"\",\"publisher\":{\"@id\":\"https:\/\/www.niederthalerhof.com\/it\/#organization\"},\"potentialAction\":[{\"@type\":\"SearchAction\",\"target\":{\"@type\":\"EntryPoint\",\"urlTemplate\":\"https:\/\/www.niederthalerhof.com\/it\/?s={search_term_string}\"},\"query-input\":\"required name=search_term_string\"}],\"inLanguage\":\"it-IT\"},{\"@type\":\"Organization\",\"@id\":\"https:\/\/www.niederthalerhof.com\/it\/#organization\",\"name\":\"niederthalerhof\",\"url\":\"https:\/\/www.niederthalerhof.com\/it\/\",\"logo\":{\"@type\":\"ImageObject\",\"inLanguage\":\"it-IT\",\"@id\":\"https:\/\/www.niederthalerhof.com\/it\/#\/schema\/logo\/image\/\",\"url\":\"https:\/\/www.niederthalerhof.com\/wp-content\/uploads\/2024\/05\/Gruppe-2461-2.svg\",\"contentUrl\":\"https:\/\/www.niederthalerhof.com\/wp-content\/uploads\/2024\/05\/Gruppe-2461-2.svg\",\"width\":345,\"height\":133,\"caption\":\"niederthalerhof\"},\"image\":{\"@id\":\"https:\/\/www.niederthalerhof.com\/it\/#\/schema\/logo\/image\/\"},\"sameAs\":[\"https:\/\/www.facebook.com\/niederthalerhof\/\",\"https:\/\/www.instagram.com\/niederthalerhof_chalets\/\"]}]}<\/script>\n<!-- \/ Yoast SEO plugin. -->","yoast_head_json":{"title":"Colophon - niederthalerhof","robots":{"index":"noindex","follow":"follow"},"og_locale":"it_IT","og_type":"article","og_title":"Colophon - niederthalerhof","og_description":"Colophon \u00a0Franz Stablum Niederthalerhof ChaletsSantenbach 739042 Bressanone Telefono: +39 3472882726E-Mail:\u00a0info@niederthalerhof.com Codice destinatario: 7035UR5www.niederthalerhof.comCIN: IT021011B57542FDVIP. IVA 01307500213Cod. Fisc. STBFNZ61A29B160Z Camera di commercio: BolzanoNumero iscrizione camera di commercio: STBFNZ61A29B160ZREA Nummer: BZ 147999 Copyright per le immagini e grafiche utilizzate: Brixen Tourismus\/Kottersteger Brixen Tourismus\/Kirsten S\u00f6rries Brixen Tourismus\/Alex Filz Brixen Tourismus\/Michael Pezzei Brixen Tourismus\/Helmut Moling Brixen Tourismus\/Roman K\u00f6nigshofer Brixen [&hellip;]","og_url":"https:\/\/www.niederthalerhof.com\/it\/colophon\/","og_site_name":"niederthalerhof","article_publisher":"https:\/\/www.facebook.com\/niederthalerhof\/","article_modified_time":"2026-03-06T15:55:46+00:00","twitter_card":"summary_large_image","twitter_misc":{"Tempo di lettura stimato":"3 minuti"},"schema":{"@context":"https:\/\/schema.org","@graph":[{"@type":"WebPage","@id":"https:\/\/www.niederthalerhof.com\/it\/colophon\/","url":"https:\/\/www.niederthalerhof.com\/it\/colophon\/","name":"Colophon - niederthalerhof","isPartOf":{"@id":"https:\/\/www.niederthalerhof.com\/it\/#website"},"datePublished":"2024-05-29T10:30:28+00:00","dateModified":"2026-03-06T15:55:46+00:00","breadcrumb":{"@id":"https:\/\/www.niederthalerhof.com\/it\/colophon\/#breadcrumb"},"inLanguage":"it-IT","potentialAction":[{"@type":"ReadAction","target":["https:\/\/www.niederthalerhof.com\/it\/colophon\/"]}]},{"@type":"BreadcrumbList","@id":"https:\/\/www.niederthalerhof.com\/it\/colophon\/#breadcrumb","itemListElement":[{"@type":"ListItem","position":1,"name":"Startseite","item":"https:\/\/www.niederthalerhof.com\/it\/"},{"@type":"ListItem","position":2,"name":"Colophon"}]},{"@type":"WebSite","@id":"https:\/\/www.niederthalerhof.com\/it\/#website","url":"https:\/\/www.niederthalerhof.com\/it\/","name":"niederthalerhof","description":"","publisher":{"@id":"https:\/\/www.niederthalerhof.com\/it\/#organization"},"potentialAction":[{"@type":"SearchAction","target":{"@type":"EntryPoint","urlTemplate":"https:\/\/www.niederthalerhof.com\/it\/?s={search_term_string}"},"query-input":"required name=search_term_string"}],"inLanguage":"it-IT"},{"@type":"Organization","@id":"https:\/\/www.niederthalerhof.com\/it\/#organization","name":"niederthalerhof","url":"https:\/\/www.niederthalerhof.com\/it\/","logo":{"@type":"ImageObject","inLanguage":"it-IT","@id":"https:\/\/www.niederthalerhof.com\/it\/#\/schema\/logo\/image\/","url":"https:\/\/www.niederthalerhof.com\/wp-content\/uploads\/2024\/05\/Gruppe-2461-2.svg","contentUrl":"https:\/\/www.niederthalerhof.com\/wp-content\/uploads\/2024\/05\/Gruppe-2461-2.svg","width":345,"height":133,"caption":"niederthalerhof"},"image":{"@id":"https:\/\/www.niederthalerhof.com\/it\/#\/schema\/logo\/image\/"},"sameAs":["https:\/\/www.facebook.com\/niederthalerhof\/","https:\/\/www.instagram.com\/niederthalerhof_chalets\/"]}]}},"_links":{"self":[{"href":"https:\/\/www.niederthalerhof.com\/it\/wp-json\/wp\/v2\/pages\/2184"}],"collection":[{"href":"https:\/\/www.niederthalerhof.com\/it\/wp-json\/wp\/v2\/pages"}],"about":[{"href":"https:\/\/www.niederthalerhof.com\/it\/wp-json\/wp\/v2\/types\/page"}],"author":[{"embeddable":true,"href":"https:\/\/www.niederthalerhof.com\/it\/wp-json\/wp\/v2\/users\/1"}],"replies":[{"embeddable":true,"href":"https:\/\/www.niederthalerhof.com\/it\/wp-json\/wp\/v2\/comments?post=2184"}],"version-history":[{"count":16,"href":"https:\/\/www.niederthalerhof.com\/it\/wp-json\/wp\/v2\/pages\/2184\/revisions"}],"predecessor-version":[{"id":3364,"href":"https:\/\/www.niederthalerhof.com\/it\/wp-json\/wp\/v2\/pages\/2184\/revisions\/3364"}],"wp:attachment":[{"href":"https:\/\/www.niederthalerhof.com\/it\/wp-json\/wp\/v2\/media?parent=2184"}],"curies":[{"name":"wp","href":"https:\/\/api.w.org\/{rel}","templated":true}]}}